{"id":101,"date":"2026-03-09T08:16:33","date_gmt":"2026-03-09T08:16:33","guid":{"rendered":"http:\/\/www.zrm-op.org\/?page_id=101"},"modified":"2026-03-09T08:18:48","modified_gmt":"2026-03-09T08:18:48","slug":"projekty-unijne","status":"publish","type":"page","link":"http:\/\/www.zrm-op.org\/index.php\/projekty-unijne\/","title":{"rendered":"PROJEKTY UNIJNE"},"content":{"rendered":"<div class=\"et_pb_section_0 et_pb_section et_section_regular et_block_section\">\n<div class=\"et_pb_row_0 et_pb_row et_block_row\">\n<div class=\"et_pb_column_0 et_pb_column et_pb_column_4_4 et-last-child et_block_column et_pb_css_mix_blend_mode_passthrough\">\n<div class=\"et_pb_text_0 et_pb_text et_pb_bg_layout_dark et_animated et_pb_module et_block_module\"><div class=\"et_pb_text_inner\"><h1>PROJEKTY UNIJNE<\/h1>\n<\/div><\/div>\n\n<div class=\"et_pb_divider_0 et_pb_divider et_pb_space et_pb_divider_position_top et_animated et_pb_module\"><div class=\"et_pb_divider_internal\"><\/div><\/div>\n<\/div>\n<\/div>\n\n<div class=\"et_pb_row_1 et_pb_row et-vb-row--no-module et_block_row\">\n<div class=\"et_pb_column_1 et_pb_column et_pb_column_4_4 et-last-child et_block_column et_pb_column_empty et_pb_css_mix_blend_mode_passthrough\"><\/div>\n<\/div>\n<\/div>\n\n<div class=\"et_pb_section_1 et_pb_section et_section_regular et_block_section\">\n<div class=\"et_pb_row_2 et_pb_row et_block_row\">\n<div class=\"et_pb_column_2 et_pb_column et_pb_column_4_4 et-last-child et_block_column et_pb_css_mix_blend_mode_passthrough\">\n<div class=\"et_pb_text_1 et_pb_text et_pb_bg_layout_light et_pb_module et_block_module et_pb_text_align_center\"><div class=\"et_pb_text_inner\"><h2 id=\"imPgTitle\">Kocham Ba\u0142yk, Czysty Ba\u0142tyk<\/h2>\n<\/div><\/div>\n\n<div class=\"et_pb_text_2 et_pb_text et_pb_bg_layout_light et_pb_module et_block_module\"><div class=\"et_pb_text_inner\"><p><span class=\"ff0 cf0 fs32\">W grudniu 2021r. zako\u0144czy\u0142 si\u0119 projekt pt: ochrona i odbudowa morskiej r\u00f3\u017cnorodno\u015bci biologicznej i ekosystem\u00f3w morskich oraz systemy rekompensat w ramach zr\u00f3wnowa\u017caonej dzia\u0142alno\u015bci po\u0142owowej, <br \/>polegaj\u0105cej na Zbieraniu utraconych narz\u0119dzi po\u0142owowych i odpad\u00f3w morskich, o kt\u00f3rycg mowa w art. 40 ust. 1 lit. a rozporz\u0105dzenia nr 508\/2014 w ramach priorytetu 1.<\/p>\n<p>W wyniku realizacji operacji zosta\u0142 osi\u0105gni\u0119ty nast\u0119puj\u0105cy cel: zmniejszewnie wp\u0142ywu rybo\u0142\u00f3wstwa na \u015brodowisko morskie, w tym unikanie i redukcja, w jak najwi\u0119kszym stopniu, niechcianych po\u0142ow\u00f3w, <br \/>w przypadku realizacji operacji w ramach poddzia\u0142ania, o kt\u00f3rym mowa w art. 40 ust. 1 lit. a rozporz\u0105dzenia nr 508\/2014.<\/p>\n<p>\"Ilo\u015b\u0107 wy\u0142owionych sieci widm w tonach w przypadku realizacji operacji w ramach poddzia\u0142ania, o kt\u00f3rym mowa w art. 40 ust. 1 lit. a rozporz\u0105dzenia nr 508\/2014: <b>34 000 kg<\/b>\".<\/span><\/p>\n<\/div><\/div>\n<\/div>\n<\/div>\n<\/div>","protected":false},"excerpt":{"rendered":"","protected":false},"author":1,"featured_media":0,"parent":0,"menu_order":0,"comment_status":"closed","ping_status":"closed","template":"","meta":{"footnotes":""},"class_list":["post-101","page","type-page","status-publish","hentry"],"_links":{"self":[{"href":"http:\/\/www.zrm-op.org\/index.php\/wp-json\/wp\/v2\/pages\/101","targetHints":{"allow":["GET"]}}],"collection":[{"href":"http:\/\/www.zrm-op.org\/index.php\/wp-json\/wp\/v2\/pages"}],"about":[{"href":"http:\/\/www.zrm-op.org\/index.php\/wp-json\/wp\/v2\/types\/page"}],"author":[{"embeddable":true,"href":"http:\/\/www.zrm-op.org\/index.php\/wp-json\/wp\/v2\/users\/1"}],"replies":[{"embeddable":true,"href":"http:\/\/www.zrm-op.org\/index.php\/wp-json\/wp\/v2\/comments?post=101"}],"version-history":[{"count":3,"href":"http:\/\/www.zrm-op.org\/index.php\/wp-json\/wp\/v2\/pages\/101\/revisions"}],"predecessor-version":[{"id":104,"href":"http:\/\/www.zrm-op.org\/index.php\/wp-json\/wp\/v2\/pages\/101\/revisions\/104"}],"wp:attachment":[{"href":"http:\/\/www.zrm-op.org\/index.php\/wp-json\/wp\/v2\/media?parent=101"}],"curies":[{"name":"wp","href":"https:\/\/api.w.org\/{rel}","templated":true}]}}